{"id":8,"date":"2024-01-19T14:53:45","date_gmt":"2024-01-19T12:53:45","guid":{"rendered":"http:\/\/xn--tekolyblogi-o8a.com\/index.php\/about\/"},"modified":"2024-01-19T15:53:20","modified_gmt":"2024-01-19T13:53:20","slug":"about","status":"publish","type":"page","link":"https:\/\/xn--tekolyblogi-o8a.com\/index.php\/about\/","title":{"rendered":"Kaikki mit\u00e4 tarvitsee tiet\u00e4\u00e4 Teko\u00e4ly Trendit blogista."},"content":{"rendered":"\n<h2 class=\"wp-block-heading\">Teko\u00e4ly Trendit<\/h2>\n\n\n\n<p>Tervetuloa &#8220;Teko\u00e4lyTrendit&#8221; -blogiin \u2013 portaaliisi teko\u00e4lyn maailmaan. T\u00e4ss\u00e4 blogissa syvennymme teko\u00e4lyn, eli AI:n ihmeelliseen ja jatkuvasti kehittyv\u00e4\u00e4n maailmaan. Piditp\u00e4 sitten teknologiasta, olet alan ammattilainen tai vain utelias oppimaan uutta, blogimme tarjoaa sinulle kattavan tietopaketin AI:n nykytilasta, tulevaisuuden n\u00e4kymist\u00e4, uutisista ja innovatiivisista sovelluksista.<\/p>\n\n\n\n<p>AI ei ole vain tulevaisuuden teknologiaa, vaan se muokkaa jo nyt maailmaamme monin eri tavoin. T\u00e4ss\u00e4 blogissa tutkimme, kuinka AI vaikuttaa p\u00e4ivitt\u00e4iseen el\u00e4m\u00e4\u00e4mme, ty\u00f6skentelytapoihimme. Tutkimme my\u00f6s miten se voi auttaa ratkaisemaan monimutkaisia ongelmia, joita kohtaamme globaalissa yhteiskunnassamme. Olipa kyseess\u00e4 AI:n k\u00e4ytt\u00f6 terveydenhuollossa, liiketoiminnassa, koulutuksessa tai vaikkapa luovissa taiteissa, blogimme tuo sinulle tuoreimmat tutkimukset, mielipiteet ja keskustelut.<\/p>\n\n\n\n<p>Jokainen artikkeli on kirjoitettu selke\u00e4sti ja ymm\u00e4rrett\u00e4v\u00e4sti, tarjoten syv\u00e4llist\u00e4 tietoa niin AI:n perusteista kuin sen monimutkaisemmista sovelluksista. Lis\u00e4ksi tarjoamme tietoa siit\u00e4, miten voit itse kokeilla AI:ta eri alustoilla ja sovelluksissa. Blogimme on suunniteltu inspiroimaan, valistamaan ja osallistamaan lukijoita AI:n j\u00e4nnitt\u00e4v\u00e4\u00e4n maailmaan.<\/p>\n\n\n\n<p>Liity seuraamme &#8220;Teko\u00e4lyTieto&#8221; -blogissa, kun tutkimme AI:n vaikutuksia ja mahdollisuuksia, jotka muokkaavat tulevaisuuttamme. Tervetuloa mukaan matkalle, jossa teknologia kohtaa inhimillisen \u00e4lyn!<\/p>\n\n\n\n<p><\/p>\n","protected":false},"excerpt":{"rendered":"<p>Teko\u00e4ly Trendit Tervetuloa &#8220;Teko\u00e4lyTrendit&#8221; -blogiin \u2013 portaaliisi teko\u00e4lyn maailmaan. T\u00e4ss\u00e4 blogissa syvennymme teko\u00e4lyn, eli AI:n ihmeelliseen ja jatkuvasti kehittyv\u00e4\u00e4n maailmaan.<\/p>\n","protected":false},"author":1,"featured_media":0,"parent":0,"menu_order":0,"comment_status":"closed","ping_status":"closed","template":"","meta":{"om_disable_all_campaigns":false,"footnotes":""},"class_list":["post-8","page","type-page","status-publish","hentry"],"aioseo_notices":[],"_links":{"self":[{"href":"https:\/\/xn--tekolyblogi-o8a.com\/index.php\/wp-json\/wp\/v2\/pages\/8","targetHints":{"allow":["GET"]}}],"collection":[{"href":"https:\/\/xn--tekolyblogi-o8a.com\/index.php\/wp-json\/wp\/v2\/pages"}],"about":[{"href":"https:\/\/xn--tekolyblogi-o8a.com\/index.php\/wp-json\/wp\/v2\/types\/page"}],"author":[{"embeddable":true,"href":"https:\/\/xn--tekolyblogi-o8a.com\/index.php\/wp-json\/wp\/v2\/users\/1"}],"replies":[{"embeddable":true,"href":"https:\/\/xn--tekolyblogi-o8a.com\/index.php\/wp-json\/wp\/v2\/comments?post=8"}],"version-history":[{"count":1,"href":"https:\/\/xn--tekolyblogi-o8a.com\/index.php\/wp-json\/wp\/v2\/pages\/8\/revisions"}],"predecessor-version":[{"id":28,"href":"https:\/\/xn--tekolyblogi-o8a.com\/index.php\/wp-json\/wp\/v2\/pages\/8\/revisions\/28"}],"wp:attachment":[{"href":"https:\/\/xn--tekolyblogi-o8a.com\/index.php\/wp-json\/wp\/v2\/media?parent=8"}],"curies":[{"name":"wp","href":"https:\/\/api.w.org\/{rel}","templated":true}]}}